{"id":45,"date":"2019-05-01T22:12:20","date_gmt":"2019-05-01T20:12:20","guid":{"rendered":"http:\/\/piotrblachut.com\/?page_id=45"},"modified":"2020-01-17T13:18:30","modified_gmt":"2020-01-17T12:18:30","slug":"o-mnie","status":"publish","type":"page","link":"http:\/\/piotrblachut.com\/index.php\/o-mnie\/","title":{"rendered":"O mnie"},"content":{"rendered":"<p>[vc_row css=&#8221;.vc_custom_1556746714267{padding-right: 0px !important;padding-bottom: 75px !important;padding-left: 0px !important;}&#8221;][vc_column][vc_column_text]Ca\u0142y czas my\u015bl\u0119, co napisa\u0107 o sobie&#8230;[\/vc_column_text][\/vc_column][\/vc_row][vc_row full_width=&#8221;stretch_row&#8221;][vc_column][vc_single_image image=&#8221;248&#8243; img_size=&#8221;full&#8221; alignment=&#8221;center&#8221; css_animation=&#8221;slideInUp&#8221;][\/vc_column][\/vc_row]<\/p>\n","protected":false},"excerpt":{"rendered":"<p>[vc_row css=&#8221;.vc_custom_1556746714267{padding-right: 0px !important;padding-bottom: 75px !important;padding-left: 0px !important;}&#8221;][vc_column][vc_column_text]Ca\u0142y czas my\u015bl\u0119, co napisa\u0107 o sobie&#8230;[\/vc_column_text][\/vc_column][\/vc_row][vc_row full_width=&#8221;stretch_row&#8221;][vc_column][vc_single_image image=&#8221;248&#8243; img_size=&#8221;full&#8221; alignment=&#8221;center&#8221; css_animation=&#8221;slideInUp&#8221;][\/vc_column][\/vc_row]<\/p>\n","protected":false},"author":1,"featured_media":0,"parent":0,"menu_order":0,"comment_status":"closed","ping_status":"closed","template":"","meta":{"footnotes":""},"_links":{"self":[{"href":"http:\/\/piotrblachut.com\/index.php\/wp-json\/wp\/v2\/pages\/45"}],"collection":[{"href":"http:\/\/piotrblachut.com\/index.php\/wp-json\/wp\/v2\/pages"}],"about":[{"href":"http:\/\/piotrblachut.com\/index.php\/wp-json\/wp\/v2\/types\/page"}],"author":[{"embeddable":true,"href":"http:\/\/piotrblachut.com\/index.php\/wp-json\/wp\/v2\/users\/1"}],"replies":[{"embeddable":true,"href":"http:\/\/piotrblachut.com\/index.php\/wp-json\/wp\/v2\/comments?post=45"}],"version-history":[{"count":71,"href":"http:\/\/piotrblachut.com\/index.php\/wp-json\/wp\/v2\/pages\/45\/revisions"}],"predecessor-version":[{"id":346,"href":"http:\/\/piotrblachut.com\/index.php\/wp-json\/wp\/v2\/pages\/45\/revisions\/346"}],"wp:attachment":[{"href":"http:\/\/piotrblachut.com\/index.php\/wp-json\/wp\/v2\/media?parent=45"}],"curies":[{"name":"wp","href":"https:\/\/api.w.org\/{rel}","templated":true}]}}